{"id":12,"date":"2023-09-10T17:21:59","date_gmt":"2023-09-10T17:21:59","guid":{"rendered":"https:\/\/annekofoed.dk\/?page_id=12"},"modified":"2023-12-29T15:05:02","modified_gmt":"2023-12-29T15:05:02","slug":"hvem-er-jeg","status":"publish","type":"page","link":"https:\/\/annekofoed.dk\/?page_id=12","title":{"rendered":"Hvem er jeg?"},"content":{"rendered":"\n<div class=\"wp-block-columns is-layout-flex wp-container-core-columns-is-layout-28f84493 wp-block-columns-is-layout-flex\">\n<div class=\"wp-block-column is-layout-flow wp-block-column-is-layout-flow\" style=\"flex-basis:66.66%\">\n<p>Jeg hedder Anne Kofoed og er certificeret Psykoterapeut uddannet p\u00e5 ID Academy. <\/p>\n\n\n\n<p>I mit arbejdsliv er jeg uddannet kemiingeni\u00f8r og arbejder som laboratorieleder.<\/p>\n\n\n\n<p>Jeg er ogs\u00e5 frivillig p\u00e5 Center for Seksuelt Misbrugte i Aalborg, hvor jeg er gruppeleder for kvinder med senf\u00f8lger efter overgreb i barndommen. Privat bor jeg i Aalborg med min k\u00e6reste og har 2 voksne b\u00f8rn p\u00e5 26 og 21 \u00e5r.<\/p>\n\n\n\n<p>Uddannelser\/kurser:<\/p>\n\n\n\n<ul class=\"wp-block-list\">\n<li>Psykoterapeutuddannelse;&nbsp;ID Academy,; 2019-2023<\/li>\n\n\n\n<li>Enneagrammet i praksis; ID Academy,; 2021<\/li>\n\n\n\n<li>Forandringens DNA, 2021; ISFO, Institut for Systemisk Opstilling og Familieopstilling<\/li>\n<\/ul>\n\n\n\n<p><\/p>\n\n\n\n<p><\/p>\n<\/div>\n\n\n\n<div class=\"wp-block-column is-layout-flow wp-block-column-is-layout-flow\" style=\"flex-basis:33.33%\">\n<figure class=\"wp-block-image size-full is-resized\"><img loading=\"lazy\" decoding=\"async\" width=\"330\" height=\"519\" src=\"https:\/\/annekofoed.dk\/wp-content\/uploads\/2023\/09\/morshjemmeside2-1.png\" alt=\"\" class=\"wp-image-31\" style=\"width:265px;height:417px\" srcset=\"https:\/\/annekofoed.dk\/wp-content\/uploads\/2023\/09\/morshjemmeside2-1.png 330w, https:\/\/annekofoed.dk\/wp-content\/uploads\/2023\/09\/morshjemmeside2-1-191x300.png 191w\" sizes=\"auto, (max-width: 330px) 100vw, 330px\" \/><\/figure>\n<\/div>\n<\/div>\n","protected":false},"excerpt":{"rendered":"<p>Jeg hedder Anne Kofoed og er certificeret Psykoterapeut uddannet p\u00e5 ID Academy. I mit arbejdsliv er jeg uddannet kemiingeni\u00f8r og arbejder som laboratorieleder. Jeg er ogs\u00e5 frivillig p\u00e5 Center for Seksuelt Misbrugte i Aalborg, hvor jeg er gruppeleder for kvinder med senf\u00f8lger efter overgreb i barndommen. Privat bor jeg i Aalborg med min k\u00e6reste og [&hellip;]<\/p>\n","protected":false},"author":1,"featured_media":0,"parent":0,"menu_order":0,"comment_status":"closed","ping_status":"closed","template":"","meta":{"site-sidebar-layout":"default","site-content-layout":"","ast-site-content-layout":"","site-content-style":"default","site-sidebar-style":"default","ast-global-header-display":"","ast-banner-title-visibility":"","ast-main-header-display":"","ast-hfb-above-header-display":"","ast-hfb-below-header-display":"","ast-hfb-mobile-header-display":"","site-post-title":"","ast-breadcrumbs-content":"","ast-featured-img":"","footer-sml-layout":"","theme-transparent-header-meta":"","adv-header-id-meta":"","stick-header-meta":"","header-above-stick-meta":"","header-main-stick-meta":"","header-below-stick-meta":"","astra-migrate-meta-layouts":"default","ast-page-background-enabled":"default","ast-page-background-meta":{"desktop":{"background-color":"var(--ast-global-color-4)","background-image":"","background-repeat":"repeat","background-position":"center center","background-size":"auto","background-attachment":"scroll","background-type":"","background-media":"","overlay-type":"","overlay-color":"","overlay-gradient":""},"tablet":{"background-color":"","background-image":"","background-repeat":"repeat","background-position":"center center","background-size":"auto","background-attachment":"scroll","background-type":"","background-media":"","overlay-type":"","overlay-color":"","overlay-gradient":""},"mobile":{"background-color":"","background-image":"","background-repeat":"repeat","background-position":"center center","background-size":"auto","background-attachment":"scroll","background-type":"","background-media":"","overlay-type":"","overlay-color":"","overlay-gradient":""}},"ast-content-background-meta":{"desktop":{"background-color":"var(--ast-global-color-5)","background-image":"","background-repeat":"repeat","background-position":"center center","background-size":"auto","background-attachment":"scroll","background-type":"","background-media":"","overlay-type":"","overlay-color":"","overlay-gradient":""},"tablet":{"background-color":"var(--ast-global-color-5)","background-image":"","background-repeat":"repeat","background-position":"center center","background-size":"auto","background-attachment":"scroll","background-type":"","background-media":"","overlay-type":"","overlay-color":"","overlay-gradient":""},"mobile":{"background-color":"var(--ast-global-color-5)","background-image":"","background-repeat":"repeat","background-position":"center center","background-size":"auto","background-attachment":"scroll","background-type":"","background-media":"","overlay-type":"","overlay-color":"","overlay-gradient":""}},"footnotes":""},"class_list":["post-12","page","type-page","status-publish","hentry"],"_links":{"self":[{"href":"https:\/\/annekofoed.dk\/index.php?rest_route=\/wp\/v2\/pages\/12","targetHints":{"allow":["GET"]}}],"collection":[{"href":"https:\/\/annekofoed.dk\/index.php?rest_route=\/wp\/v2\/pages"}],"about":[{"href":"https:\/\/annekofoed.dk\/index.php?rest_route=\/wp\/v2\/types\/page"}],"author":[{"embeddable":true,"href":"https:\/\/annekofoed.dk\/index.php?rest_route=\/wp\/v2\/users\/1"}],"replies":[{"embeddable":true,"href":"https:\/\/annekofoed.dk\/index.php?rest_route=%2Fwp%2Fv2%2Fcomments&post=12"}],"version-history":[{"count":8,"href":"https:\/\/annekofoed.dk\/index.php?rest_route=\/wp\/v2\/pages\/12\/revisions"}],"predecessor-version":[{"id":48,"href":"https:\/\/annekofoed.dk\/index.php?rest_route=\/wp\/v2\/pages\/12\/revisions\/48"}],"wp:attachment":[{"href":"https:\/\/annekofoed.dk\/index.php?rest_route=%2Fwp%2Fv2%2Fmedia&parent=12"}],"curies":[{"name":"wp","href":"https:\/\/api.w.org\/{rel}","templated":true}]}}